{"id":5,"date":"2019-01-10T15:34:24","date_gmt":"2019-01-10T14:34:24","guid":{"rendered":"https:\/\/www.adzquick.com\/blog\/?page_id=5"},"modified":"2020-01-27T10:56:34","modified_gmt":"2020-01-27T09:56:34","slug":"homepage","status":"publish","type":"page","link":"https:\/\/blog.adzquick.com\/","title":{"rendered":"Homepage"},"content":{"rendered":"<p>AdzQuick \u00e8 il nuovo marketplace per comprare e vendere tutto: dall&#8217;elettronica, alle automobili, dai mobili e agli oggetti da collezione, dall&#8217;abbigliamento e alle attrezzature sportive e molto altro ancora.<\/p>\n<p>Ci\u00f2 che lo rende diverso dalle altre app \u00e8 la sua facilit\u00e0 d&#8217;uso.<\/p>\n<p>Una volta avviata l&#8217;app, puoi subito iniziare a leggere i tuoi annunci senza dover perdere tempo in noiose registrazioni.<\/p>\n<p>Non ci sono pubblicit\u00e0 n\u00e9 commissioni per chi pubblica annunci, compra o vende.<\/p>\n<p>\u00c8 disponibile per piattaforme Android e iOS ed \u00e8 accessibile anche via web.<\/p>\n<p>Vendere online i tuoi oggetti usati per guadagnare \u00e8 pi\u00f9 facile di quanto pensi.<\/p>\n<p>Ad oggi il servizio \u00e8 disponibile in inglese, cinese semplificato, indiano e italiano.<\/p>\n","protected":false},"excerpt":{"rendered":"<p>AdzQuick \u00e8 il nuovo marketplace per comprare e vendere tutto: dall&#8217;elettronica, alle automobili, dai mobili e agli oggetti da collezione, dall&#8217;abbigliamento e alle attrezzature sportive e molto altro ancora. Ci\u00f2 che lo rende diverso dalle altre app \u00e8 la sua facilit\u00e0 d&#8217;uso. Una volta avviata l&#8217;app, puoi subito iniziare a leggere i tuoi annunci senza &hellip; <\/p>\n<p class=\"link-more\"><a href=\"https:\/\/blog.adzquick.com\/\" class=\"more-link\">Leggi tutto<span class=\"screen-reader-text\"> &#8220;Homepage&#8221;<\/span><\/a><\/p>\n","protected":false},"author":1,"featured_media":0,"parent":0,"menu_order":0,"comment_status":"closed","ping_status":"closed","template":"","meta":[],"_links":{"self":[{"href":"https:\/\/blog.adzquick.com\/index.php\/wp-json\/wp\/v2\/pages\/5"}],"collection":[{"href":"https:\/\/blog.adzquick.com\/index.php\/wp-json\/wp\/v2\/pages"}],"about":[{"href":"https:\/\/blog.adzquick.com\/index.php\/wp-json\/wp\/v2\/types\/page"}],"author":[{"embeddable":true,"href":"https:\/\/blog.adzquick.com\/index.php\/wp-json\/wp\/v2\/users\/1"}],"replies":[{"embeddable":true,"href":"https:\/\/blog.adzquick.com\/index.php\/wp-json\/wp\/v2\/comments?post=5"}],"version-history":[{"count":2,"href":"https:\/\/blog.adzquick.com\/index.php\/wp-json\/wp\/v2\/pages\/5\/revisions"}],"predecessor-version":[{"id":116,"href":"https:\/\/blog.adzquick.com\/index.php\/wp-json\/wp\/v2\/pages\/5\/revisions\/116"}],"wp:attachment":[{"href":"https:\/\/blog.adzquick.com\/index.php\/wp-json\/wp\/v2\/media?parent=5"}],"curies":[{"name":"wp","href":"https:\/\/api.w.org\/{rel}","templated":true}]}}